{"id":2,"date":"2024-10-30T14:33:15","date_gmt":"2024-10-30T14:33:15","guid":{"rendered":"https:\/\/revilak.de\/?page_id=2"},"modified":"2024-10-30T15:14:49","modified_gmt":"2024-10-30T15:14:49","slug":"sample-page","status":"publish","type":"page","link":"https:\/\/revilak.de\/?page_id=2","title":{"rendered":"Impressum"},"content":{"rendered":"<h1>Impressum<\/h1>\r\n<p>TraditionArt Verlag &amp; Marketing &#8211; Alexander Bock<br \/>Neul\u00e4nder Stra\u00dfe 7<br \/>04916 Sch\u00f6newalde<\/p>\r\n<p>Verlag Berlin:<br \/>D\u00fcsseldorfer Stra\u00dfe 68 &#8211; 69<br \/>10719 Berlin<\/p>\r\n<p><strong>Telefon<\/strong> <strong>0176-38619554<\/strong><br \/><a href=\"mailto:ab@traditionart-verlag.de\" target=\"_blank\" rel=\"noopener\">ab@traditionart-verlag.de<\/a><\/p>\r\n<p><strong>Umsatzsteuer-Identifikationsnummer:<br \/>USt-IdNr.: DE364693174<br \/><\/strong><\/p>\r\n<p><strong>Verantwortlicher f\u00fcr diese Internetseite:<\/strong><br \/>Ingo Noack<br \/>D\u00fcsseldorfer Stra\u00dfe 68 &#8211; 69<br \/>10719 Berlin<\/p>\r\n<p>Telefon \u260e\ufe0f 030-2359 77 498<\/p>\r\n<p><strong>Vertretungsberechtigter und<\/strong><br \/><strong>Verantwortlicher gem\u00e4\u00df \u00a7 10 Abs. 3 MDStV:<\/strong><br \/>Ingo Noack<br \/>D\u00fcsseldorfer Stra\u00dfe 68 &#8211; 69<br \/>10719 Berlin<\/p>\r\n<h3>Haftungsausschluss<\/h3>\r\n<p>Gem\u00e4\u00df \u00a7 5 Abs. 1 TDG sind wir ausschlie\u00dflich nur f\u00fcr die eigenen Inhalte verantwortlich. F\u00fcr Links auf fremde Inhalte dritter Anbieter sind wir gem\u00e4\u00df \u00a7 5 Abs.2 TDG nur verantwortlich, wenn wir von einem rechtswidrigen oder strafbaren Gehalt positive Kenntnis haben und es technisch m\u00f6glich und zumutbar ist, deren Nutzung zu verhindern. Auch sind wir nicht verpflichtet, in periodischen Abst\u00e4nden den Inhalt von Angeboten Dritter auf deren Rechtswidrigkeit oder Strafbarkeit zu \u00fcberpr\u00fcfen. Sobald wir von dem rechtswidrigen Inhalt der Web-Seiten Dritter erfahren, wird der entsprechende Link von unserer Seite entfernt. Weiterhin m\u00f6chten wir ausdr\u00fccklich betonen, dass wir keinerlei Einfluss auf die Gestaltung und die Inhalte der gelinkten Seiten haben. Deshalb distanzieren wir uns hiermit ausdr\u00fccklich von allen Inhalten aller gelinkten Seiten auf https:\/\/traditionart-verlag.de inkl. aller Unterseiten. Diese Erkl\u00e4rung gilt f\u00fcr alle auf der Homepage angebrachten Links und f\u00fcr alle Inhalte der Seiten, zu denen Links oder Banner f\u00fchren. Sollten Inhalte dieser Internetangebote gegen geltendes Urheberrecht oder das Markengesetz versto\u00dfen, werden diese auf Hinweis schnellstm\u00f6glich entfernt.<\/p>\r\n<h3>Datenschutzerkl\u00e4rung wegen der Verwendung von Google Analytics<\/h3>\r\n<p>Unsere Internetseite verwendet Google Analytics. Dies ist ein Dienst zur Analyse von Internetseiten der Google Inc., 1600 Amphitheatre Parkway, Mountain View, CA 94043, USA. Google Analytics verwendet sogenannte Cookies. Die Cookies sind Dateien. Durch die Speicherung der Cookies auf Ihrem Computer kann Google Ihre Benutzung unserer Internetseite analysieren. Diese Informationen und Ihre IP-Adresse werden an die Google-Server in den USA \u00fcbermittelt und von diesen gespeichert. Google wertet die Informationen Ihrer Nutzung unserer Internetseite aus. Damit werden Berichte zu Ihren Aktivit\u00e4ten auf unserer Internetseite erstellt und uns zug\u00e4nglich gemacht. Dies kann auch der M\u00f6glichkeit dienen, weitere mit der Nutzung unserer Internetseite oder der Nutzung des Internets verbundene Dienstleistungen anbieten oder erbringen zu k\u00f6nnen. Diese Informationen wird Google m\u00f6glicherweise an Dritte weitergeben, wenn dies von Gesetzes wegen gefordert ist oder f\u00fcr den Fall, dass Dritte von Google beauftragt werden, diese Datenverarbeitung vorzunehmen. Keinesfalls wird Google jedoch Ihre IP-Adresse mit anderen Daten von Google verkn\u00fcpfen. Sie haben die M\u00f6glichkeit zu verhindern, dass die genannten Cookies auf Ihrem Computer gespeichert werden. Dazu m\u00fcssen Sie an Ihrem Internetbrowser eine dementsprechende Einstellung vornehmen. Allerdings besteht dann die M\u00f6glichkeit, dass unsere Internetseite f\u00fcr Sie nur eingeschr\u00e4nkt nutzbar ist. Sie k\u00f6nnen die Erfassung, den Versand und die Verarbeitung Ihrer Daten sowie Ihrer IP-Adresse durch Google verhindern. Dazu k\u00f6nnen Sie ein Plugin f\u00fcr Ihren Internetbrowser herunterladen und installieren. Dieses Plugin ist unter folgendem Link verf\u00fcgbar: <a href=\"http:\/\/tools.google.com\/dlpage\/gaoptout?hl=de\">http:\/\/tools.google.com\/dlpage\/gaoptout?hl=de<\/a><\/p>\r\n<p>Angabe der Quelle: Flegl Rechtsanw\u00e4lte GmbH<\/p>\r\n<h3>Datenschutzerkl\u00e4rung f\u00fcr die Verwendung von Google +1<\/h3>\r\n<p>Unsere Internetseite enth\u00e4lt den Google +1-Button. Google +1 ist ein soziales Netzwerk. Dieses wird bereitgestellt von der Google Inc., 1600 Amphitheatre Parkway, Mountain View, CA 94043, USA. Sie haben mit Google +1 die M\u00f6glichkeit, Inhalte im Internet personalisiert zu ver\u00f6ffentlichen. Google wird allerdings Information \u00fcber den Inhalt, den Sie mit +1 angeklickt haben, speichern. Auch wird Google Informationen \u00fcber Ihren Besuch auf der Internetseite, die Sie sich angesehen haben, speichern. Ihre +1-Klicks k\u00f6nnen und werden in aller Regel in Ihrem +1-Profil und in weiteren Google-Diensten, z.B. in den Suchergebni\u00dfen der Suchmaschine von Google, oder anderweitig auf Seiten im Internet bzw. Internetanzeigen verwendet. Google speichert Informationen zu Ihren Aktivit\u00e4ten bei Google +1. Damit Sie den +1-Button nutzen k\u00f6nnen, m\u00fc\u00dfen Sie ein \u00f6ffentliches Profil nebst Profilname bei Google anlegen. Google +1 und alle Dienste von Google werden Ihren Profilnamen verwenden. Ihre hinter dem Profil stehende Identit\u00e4t kann all denjenigen Nutzern offengelegt werden, die Kenntnis von Ihrer E-Mail-Adre\u00dfe haben oder \u00fcber andere Informationen, mit denen man Sie identifizieren kann, verf\u00fcgen. Google nutzt, nach eigenen Angaben unter Einhaltung seiner Datenschutzbestimmungen, die von Ihnen \u00fcbermittelten Informationen. Auch erstellt Google Statistiken der Aktivit\u00e4ten bei Google +1. Diese werden m\u00f6glicherweise publiziert und an Dritte weitergegeben.<\/p>\r\n<p>Angabe der Quelle: Flegl Rechtsanw\u00e4lte GmbH<\/p>\r\n<h3>Datenschutzerkl\u00e4rung wegen der Verwendung von Facebook-Plugins (&#8222;Gef\u00e4llt-mir-Button&#8220;)<\/h3>\r\n<p>Unsere Internetseite enth\u00e4lt Plugins von Facebook, 1601 South California Avenue, Palo Alto, CA 94304, USA. Facebook ist ein soziales Netzwerk. Das jeweilige Plugin ist am Logo von Facebook oder dem &#8222;Gef\u00e4llt-mir-Button&#8220; erkennbar. Die Gesamt\u00fcbersicht aller Plugins von Facebook k\u00f6nnen Sie sich unter dem nachfolgenden Link ansehen: <a href=\"http:\/\/developers.facebook.com\/docs\/plugins\/\">http:\/\/developers.facebook.com\/docs\/plugins\/<\/a> Sobald Sie unsere Internetseite frequentieren, stellt das Facebook-Plugin zwischen Ihrem Internetbrowser und den Servern von Facebook eine unmittelbare Verbindung her. Auf diesem Weg wird Facebook dar\u00fcber informiert, da\u00df mit Ihrer IP-Adresse unsere Internetseite besucht wurde. F\u00fcr den Fall, dass Sie bei Facebook eingeloggt sein sollten, k\u00f6nnen Sie mittels des &#8222;Gef\u00e4llt-mir-Buttons&#8220; den entsprechenden Inhalt, der sich auf unserer Internetseite befindet, in Ihrem Profil bei Facebook verlinken. Es ist Facebook dann m\u00f6glich, Ihren Besuch unserer Internetseite Ihrem Facebook-Account zuzuordnen. Wir, als Anbieter unserer Internetseite, werden von Facebook nicht \u00fcber den Inhalt der \u00fcbertragenen Daten bzw. der Datennutzung informiert. Unter dem nachfolgenden Link k\u00f6nnen Sie sich weitergehend informieren: <a href=\"http:\/\/de-de.facebook.com\/policy.php\">http:\/\/de-de.facebook.com\/policy.php<\/a> F\u00fcr den Fall, da\u00df Sie Mitglied von Facebook sein sollten, jedoch nicht m\u00f6chten, da\u00df Facebook \u00fcber unsere Internetseite Daten \u00fcber Sie \u00fcbermittelt bekommt und mit Ihren Mitgliedsdaten verbindet, so m\u00fcssen Sie sich, bevor Sie unsere Internetseite aufrufen, bei Facebook ausloggen.<\/p>\r\n<p>Angabe der Quelle: Flegl Rechtsanw\u00e4lte GmbH<\/p>\r\n<h3>Datenschutzerkl\u00e4rung wegen Verwendung der von Funktionen von Twitter (&#8222;Tweet-Button&#8220;)<\/h3>\r\n<p>Unsere Internetseite enth\u00e4lt Funktionen der Twitter Inc., 795 Folsom Street, Suite 600, San Francisco, CA 94107, USA. Wenn Sie Twitter und insbesondere die Funktion &#8222;Re-Tweet&#8220; verwenden, verkn\u00fcpft Twitter Ihr Twitter-Account mit den von Ihnen frequentierten Internetseiten. Dies wird anderen Nutzern bei Twitter, insbesondere Ihren Followern bekannt gegeben. Auf diesem Weg findet auch eine Daten\u00fcbertragung an Twitter statt. Wir, als Anbieter unserer Internetseite, werden von Twitter nicht \u00fcber den Inhalt der \u00fcbertragenen Daten bzw. der Datennutzung informiert. Unter dem nachfolgenden Link k\u00f6nnen Sie sich weitergehend informieren: <a href=\"http:\/\/twitter.com\/privacy\">http:\/\/twitter.com\/privacy<\/a> Bitte beachten Sie jedoch, dass Sie die M\u00f6glichkeit haben, Ihre Datenschutzeinstellungen bei Twitter in Ihren dortigen Konto-Einstellungen unter <a href=\"http:\/\/twitter.com\/account\/settings\">http:\/\/twitter.com\/account\/settings<\/a> zu ver\u00e4ndern.<\/p>\r\n<p>Angabe der Quelle: Flegl Rechtsanw\u00e4lte GmbH<\/p>\r\n<h3>Datenschutzerkl\u00e4rung wegen der Verwendung von Google AdSense<\/h3>\r\n<p>Unsere Internetseite verwendet Google AdSense. Dies ist ein Dienst der Google Inc., 1600 Amphitheatre Parkway, Mountain View, CA 94043, USA, mit dem Werbeanzeigen auf Internetseiten eingebunden werden k\u00f6nnen. Google AdSense verwendet sogenannte Cookies. Die Cookies sind Dateien. Durch die Speicherung der Cookies auf Ihrem Computer kann Google Ihre Benutzung unserer Internetseite analysieren. Bei Google AdSense werden zudem auch sogenannte Web Beacons verwendet. Das sind nicht sichtbare Grafiken. Damit kann Google Informationen, wie z.B. die Klicks auf unsere Internetseite oder den Verkehr auf unseren Seiten, analysieren. Die genannten Informationen, Ihre IP-Adresse und die Auslieferung von Werbeformaten werden an die Google-Server in den USA \u00fcbermittelt und von diesen gespeichert. Diese gesamten Informationen wird Google m\u00f6glicherweise an Dritte weitergeben, wenn dies von Gesetzes wegen gefordert ist oder f\u00fcr den Fall, da\u00df Dritte von Google beauftragt werden, diese Datenverarbeitung vorzunehmen. Keinesfalls wird Google jedoch Ihre IP-Adresse mit anderen Daten von Google verkn\u00fcpfen. Sie haben die M\u00f6glichkeit zu verhindern, dass die genannten Cookies auf Ihrem Computer gespeichert werden. Dazu m\u00fcssen Sie an Ihrem Internetbrowser eine dementsprechende Einstellung vornehmen. Allerdings besteht dann die M\u00f6glichkeit, da\u00df unsere Internetseite f\u00fcr Sie nur eingeschr\u00e4nkt nutzbar ist.<\/p>\r\n<p>Angabe der Quelle: Flegl Rechtsanw\u00e4lte GmbH<\/p>\r\n<p><strong>Amazon.de &#8211; Partnerprogramm<\/strong> Ingo Noack \/ https:\/\/traditionart-verlag.de ist Teilnehmer des Partnerprogramms von Amazon Europe S.\u00c3 .r.l. und Partner des Werbeprogramms, das zur Bereitstellung eines Mediums f\u00fcr Websites konzipiert wurde, mittels dessen durch die Platzierung von Werbeanzeigen und Links zu amazon.de Werbekostenerstattung verdient werden k\u00f6nnen.<\/p>\r\n<p><strong>F\u00fcr diese Fotos wurden Lizenzen bei fotolia.com, Adobe.com und Ingo Noack gekauft:<\/strong> \u00a9j\u00f6rn buchheim\/Fotolia.com, \u00a9loraks\/Fotolia.com, \u00a9lassedesignen\/Fotolia.com, \u00a9j\u00f6rn buchheim\/Fotolia.com, \u00a9Peter Atkins\/Fotolia.com, \u00a9PhotoSG\/Fotolia.com, \u00a9Kzenon\/Fotolia.com, \u00a9N-Media-Images\/Fotolia.com, \u00a9WavebreakMediaMicro\/adobe.com, \u00a9Drobot Dean\/adobe.com, \u00a9highwaystarz\/adobe.com, \u00a9pathdoc\/adobe.com, \u00a9Rido\/adobe.com, \u00a9AboutLife\/adobe.com, \u00a9olly\/adobe.com, \u00a9BullRun\/adobe.com, \u00a9shurkin_son\/adobe.com, \u00a9K Abrahams\/peopleimages.com, \u00a9Nomad_Soul\/adobe.com, \u00a9bnenin\/adobe.com, \u00a9BullRun\/adobe.com, Prostock-studio\/adobe-com, bobmachee\/adobe.com, ClaraNila\/adobe.com, Drobot Dean\/Adobe.com, ulianna19970\/adobe.com, fottoo\/adobe.com,deagreez\/Adobe.com, Petair\/adobe.com, peopleimages-com\/adobe.com, Geber86\/Adobe.com,bnenin\/Adobe.com, BGStock72\/Adobe.com, zorandim75\/adobe.com, contrastwerkstatt\/adobe.com,(JLco) Julia Amaral\/Adobe.com,Jacob Lund\/adobe.com, lithiumphoto\/adobe.com, Summit Art Creations\/adobe.com,Attayoot\/Adobe.com, okrasiuk\/adobe.com, Pixel-Shot\/adobe.com, Konstantin Yuganov\/adobe.com, TATTA\/Adobe.com, Rawpixel.com\/dobe.com,opolja\/adobe.com, \u0410\u043d\u0430\u0441\u0442\u0430\u0441\u0438\u044f \u041a\u0430\u0440\u0433\u0430\u043f\u043e\u043b\u043e\u0432\/adobe.com,Lionel H\/peopleimages.com\/adobe.com, lettas\/Adobe.com,Prostock-studio\/adobe.com, <span class=\"blue science-text\" data-t=\"detail-panel-content-author-name\">Tatyana Nazatin\/adobe.com, andreaobzerov\/adobe.com,\u00a0 <\/span><\/p>\r\n<p>Auch f\u00fcr unseren Toaster lehnen wir jede Haftung grunds\u00e4tzlich immanent ab. Auch droht pers\u00f6nliche Gefahr durch vier freilaufende Katzen auf unserem Grundst\u00fcck.<\/p>\r\n<p>Was vergessen? Dann bitte vor einer Abmahnung darauf hinweisen. <a href=\"mailto:info@traditionart-verlag.de\" target=\"_blank\" rel=\"noopener noreferrer\">info@traditionart-verlag.de<\/a><\/p>\r\n","protected":false},"excerpt":{"rendered":"<p>Impressum TraditionArt Verlag &amp; Marketing &#8211; Alexander BockNeul\u00e4nder Stra\u00dfe 704916 Sch\u00f6newalde Verlag Berlin:D\u00fcsseldorfer Stra\u00dfe 68 &#8211; 6910719 Berlin Telefon 0176-38619554ab@traditionart-verlag.de Umsatzsteuer-Identifikationsnummer:USt-IdNr.: DE364693174 Verantwortlicher f\u00fcr diese Internetseite:Ingo NoackD\u00fcsseldorfer Stra\u00dfe 68 &#8211; 6910719 Berlin Telefon \u260e\ufe0f 030-2359 77 498 Vertretungsberechtigter undVerantwortlicher gem\u00e4\u00df \u00a7 10 Abs. 3 MDStV:Ingo NoackD\u00fcsseldorfer Stra\u00dfe 68 &#8211; 6910719 Berlin Haftungsausschluss Gem\u00e4\u00df \u00a7 5 [&hellip;]<\/p>\n","protected":false},"author":1,"featured_media":0,"parent":0,"menu_order":0,"comment_status":"closed","ping_status":"open","template":"","meta":{"footnotes":""},"class_list":["post-2","page","type-page","status-publish","hentry","has-post-title","has-post-date","has-post-category","has-post-tag","has-post-comment","has-post-author",""],"_links":{"self":[{"href":"https:\/\/revilak.de\/index.php?rest_route=\/wp\/v2\/pages\/2","targetHints":{"allow":["GET"]}}],"collection":[{"href":"https:\/\/revilak.de\/index.php?rest_route=\/wp\/v2\/pages"}],"about":[{"href":"https:\/\/revilak.de\/index.php?rest_route=\/wp\/v2\/types\/page"}],"author":[{"embeddable":true,"href":"https:\/\/revilak.de\/index.php?rest_route=\/wp\/v2\/users\/1"}],"replies":[{"embeddable":true,"href":"https:\/\/revilak.de\/index.php?rest_route=%2Fwp%2Fv2%2Fcomments&post=2"}],"version-history":[{"count":12,"href":"https:\/\/revilak.de\/index.php?rest_route=\/wp\/v2\/pages\/2\/revisions"}],"predecessor-version":[{"id":58,"href":"https:\/\/revilak.de\/index.php?rest_route=\/wp\/v2\/pages\/2\/revisions\/58"}],"wp:attachment":[{"href":"https:\/\/revilak.de\/index.php?rest_route=%2Fwp%2Fv2%2Fmedia&parent=2"}],"curies":[{"name":"wp","href":"https:\/\/api.w.org\/{rel}","templated":true}]}}